{"id":8906,"date":"2020-09-25T09:32:42","date_gmt":"2020-09-25T09:32:42","guid":{"rendered":"https:\/\/artenara.es\/portal-ciudadano\/?page_id=8906"},"modified":"2020-09-25T09:44:27","modified_gmt":"2020-09-25T09:44:27","slug":"politica-de-privacidad","status":"publish","type":"page","link":"https:\/\/www.artenara.es\/portal-ciudadano\/politica-de-privacidad\/","title":{"rendered":"Pol\u00edtica de Privacidad"},"content":{"rendered":"\t\t<div data-elementor-type=\"wp-page\" data-elementor-id=\"8906\" class=\"elementor elementor-8906\" data-elementor-settings=\"[]\">\n\t\t\t<div class=\"elementor-inner\">\n\t\t\t\t<div class=\"elementor-section-wrap\">\n\t\t\t\t\t\t\t<section class=\"elementor-element elementor-element-c3bb6e4 elementor-section-boxed elementor-section-height-default elementor-section-height-default elementor-section elementor-top-section\" data-id=\"c3bb6e4\" data-element_type=\"section\" data-settings=\"{&quot;_ha_eqh_enable&quot;:false,&quot;ekit_has_onepagescroll_dot&quot;:&quot;yes&quot;}\">\n\t\t\t\t\t\t<div class=\"elementor-container elementor-column-gap-default\">\n\t\t\t\t<div class=\"elementor-row\">\n\t\t\t\t<div class=\"elementor-element elementor-element-f3d62d2 elementor-column elementor-col-66 elementor-top-column\" data-id=\"f3d62d2\" data-element_type=\"column\">\n\t\t\t<div class=\"elementor-column-wrap  elementor-element-populated\">\n\t\t\t\t\t<div class=\"elementor-widget-wrap\">\n\t\t\t\t<div class=\"elementor-element elementor-element-36f2460 elementor-widget elementor-widget-jet-animated-text\" data-id=\"36f2460\" data-element_type=\"widget\" data-widget_type=\"jet-animated-text.default\">\n\t\t\t\t<div class=\"elementor-widget-container\">\n\t\t\t<div class=\"elementor-jet-animated-text jet-elements\"><div class=\"jet-animated-text jet-animated-text--effect-fx1\" data-settings='{\"effect\":\"fx1\",\"delay\":3000}'>\n\t<div class=\"jet-animated-text__before-text\">\n\t<span>Pol\u00edtica<\/span> <span>de<\/span>&nbsp;<\/div>\n\t<div class=\"jet-animated-text__animated-text\">\n<div class=\"jet-animated-text__animated-text-item active visible\">\n\t<span>P<\/span><span>r<\/span><span>i<\/span><span>v<\/span><span>a<\/span><span>c<\/span><span>i<\/span><span>d<\/span><span>a<\/span><span>d<\/span><\/div>\n<\/div>\t<\/div>\n<\/div>\t\t<\/div>\n\t\t\t\t<\/div>\n\t\t\t\t<div class=\"elementor-element elementor-element-195a5fb elementor-widget elementor-widget-text-editor\" data-id=\"195a5fb\" data-element_type=\"widget\" data-widget_type=\"text-editor.default\">\n\t\t\t\t<div class=\"elementor-widget-container\">\n\t\t\t\t\t<div class=\"elementor-text-editor elementor-clearfix\"><p>En\u00a0<em>artenara.es<\/em>\u00a0respetamos su informaci\u00f3n personal y en vista de cumplir con las pol\u00edticas de seguridad respectivas concernientes a todo sitio web, que deber\u00edan ser obligatorias, informo a ustedes lo siguiente.<\/p><h3><strong>Privacidad de los datos personales:<\/strong><\/h3><p>Sus datos personales le corresponden solo a usted y este sitio web es responsable de no revelar ninguna clase de informaci\u00f3n que le pertenezca (como email, n\u00fameros de ip, etc.), salvo su expresa autorizaci\u00f3n o fuerzas de naturaleza mayor de tipo legal que lo involucren, como hackeos o suplantaciones.<\/p><h3><strong>Responsabilidad de las opiniones vertidas:<\/strong><\/h3><p>Las publicaciones a modo de art\u00edculos (tambi\u00e9n llamados posts) son responsabilidad del Ilustre Ayuntamiento de Artenara. Los comentarios, vertidos por los visitantes, son responsabilidad de ellos mismos y en caso alguno viole las reglas m\u00ednimas de respeto a los dem\u00e1s y a las buenas costumbres, \u00e9stos ser\u00edan borrados por el editor de la Web, sin esperar su consentimiento.<\/p><h3><strong>Seguridad de su informaci\u00f3n personal:<\/strong><\/h3><p>Este sitio web se hace responsable de velar por su seguridad, por la privacidad de su informaci\u00f3n y por el respeto a sus datos, de acuerdo con las limitaciones que la actual Internet nos provee, siendo conscientes que no estamos exclu\u00eddos de sufrir alg\u00fan ataque por parte de crackers o usuarios malintencionados que ejerzan la delincuencia inform\u00e1tica.<\/p><h3><strong>Obtenci\u00f3n de su informaci\u00f3n:<\/strong><\/h3><p>Todos sus datos personales consignados en este sitio son suministrados por usted mismo, haciendo uso entero de su libertad. La informaci\u00f3n aqui almacenada solo comprende datos b\u00e1sicos ingresados mediante formularios de contacto, comentarios u otros similares.<\/p><h3><strong>Uso de la informaci\u00f3n:<\/strong><\/h3><p>Al proporcionarnos sus datos personales, estando de acuerdo con la Pol\u00edtica de Privacidad aqu\u00ed consignada, nos autoriza para el siguiente uso de su informaci\u00f3n: a) para el fin mismo por lo cual se ha suministrado; b) para considerarlo dentro de nuestras estad\u00edsticas de tr\u00e1fico, incrementando as\u00ed nuestra oferta publicitaria y de mercado; c) para orientar mejor los servicios aqu\u00ed ofrecidos y valorarlos a su criterio, y d) para enviar e-mails con nuestros boletines, responder inquietudes o comentarios, y mantener informado a nuestros usuarios.<\/p><h3><strong>Uso de los\u00a0<em>cookies<\/em>:<\/strong><\/h3><p>El uso de cookies y su direcci\u00f3n IP, tomados por este sitio, se realiza solo con la finalidad de mantenerles un sitio de acuerdo a sus preferencias locales (tales como navegador web usado, sistema operativo, ISP, etc.). Las \u201ccookies\u201d permiten entregar un contenido ajustado a los intereses y necesidades de nuestros usuarios\/visitantes. Tambi\u00e9n podr\u00edan usarse cookies de Terceros que est\u00e9n presentes en esta Web, como anunciantes o publicidad del mismo, con el \u00fanico fin de proveer informaciones adicionales o reelevantes a la Navegaci\u00f3n del Usuario en este Sitio Web.<\/p><p>Modificaciones a nuestras Pol\u00edticas de Privacidad:<\/p><p>El sitio web se reserva el derecho de modificar, rectificar, alterar, agregar o eliminar cualquier punto del presente escrito en cualquier momento y sin previo aviso, siendo su responsabilidad el mantenerse informado del mismo para una adecuada administraci\u00f3n de su informaci\u00f3n.<\/p><h3><strong>Estad\u00edsticas y otros sitios afines a artenara.es<br \/><\/strong><\/h3><p>Para el correcto funcionamiento de este p\u00e1gina se hacen uso de diversos cookies, tanto del sitio como de nuestros proveedores (como se expuso en el punto anterior), almacenados en su equipo o mediante el uso de alg\u00fan script.<a href=\"https:\/\/www.google.com\/adsense\/support\/bin\/answer.py?answer=100557&amp;hl=es\" target=\"_blank\" rel=\"noopener\"><br \/><\/a><\/p><p>Las cookies usadas solo se almacenan en su equipo con fines estad\u00edsticos, siendo omitidos los datos que pudieran resultar en recopilaci\u00f3n de caracter importante.<\/p><p>\u00a0<\/p><\/div>\n\t\t\t\t<\/div>\n\t\t\t\t<\/div>\n\t\t\t\t\t\t<\/div>\n\t\t\t<\/div>\n\t\t<\/div>\n\t\t\t\t<div class=\"elementor-element elementor-element-a418d71 elementor-column elementor-col-33 elementor-top-column\" data-id=\"a418d71\" data-element_type=\"column\">\n\t\t\t<div class=\"elementor-column-wrap  elementor-element-populated\">\n\t\t\t\t\t<div class=\"elementor-widget-wrap\">\n\t\t\t\t<div class=\"elementor-element elementor-element-9ce50a4 elementor-widget elementor-widget-image\" data-id=\"9ce50a4\" data-element_type=\"widget\" data-widget_type=\"image.default\">\n\t\t\t\t<div class=\"elementor-widget-container\">\n\t\t\t\t\t<div class=\"elementor-image\">\n\t\t\t\t\t\t\t\t\t\t\t<a href=\"https:\/\/artenara.sedelectronica.es\/info.0\">\n\t\t\t\t\t\t\t<img width=\"481\" height=\"138\" src=\"https:\/\/www.artenara.es\/portal-ciudadano\/wp-content\/uploads\/2020\/07\/principal-11.jpg\" class=\"attachment-full size-full\" alt=\"\" loading=\"lazy\" srcset=\"https:\/\/www.artenara.es\/portal-ciudadano\/wp-content\/uploads\/2020\/07\/principal-11.jpg 481w, https:\/\/www.artenara.es\/portal-ciudadano\/wp-content\/uploads\/2020\/07\/principal-11-300x86.jpg 300w, https:\/\/www.artenara.es\/portal-ciudadano\/wp-content\/uploads\/2020\/07\/principal-11-418x120.jpg 418w\" sizes=\"(max-width: 481px) 100vw, 481px\" \/>\t\t\t\t\t\t\t\t<\/a>\n\t\t\t\t\t\t\t\t\t\t\t<\/div>\n\t\t\t\t<\/div>\n\t\t\t\t<\/div>\n\t\t\t\t<div class=\"elementor-element elementor-element-2eeda62 elementor-widget elementor-widget-image\" data-id=\"2eeda62\" data-element_type=\"widget\" data-widget_type=\"image.default\">\n\t\t\t\t<div class=\"elementor-widget-container\">\n\t\t\t\t\t<div class=\"elementor-image\">\n\t\t\t\t\t\t\t\t\t\t\t<a href=\"http:\/\/certificado.artenara.es:8085\/certificados\/cert.php\">\n\t\t\t\t\t\t\t<img width=\"481\" height=\"137\" src=\"https:\/\/www.artenara.es\/portal-ciudadano\/wp-content\/uploads\/2020\/07\/principal-12.jpg\" class=\"attachment-full size-full\" alt=\"\" loading=\"lazy\" srcset=\"https:\/\/www.artenara.es\/portal-ciudadano\/wp-content\/uploads\/2020\/07\/principal-12.jpg 481w, https:\/\/www.artenara.es\/portal-ciudadano\/wp-content\/uploads\/2020\/07\/principal-12-300x85.jpg 300w, https:\/\/www.artenara.es\/portal-ciudadano\/wp-content\/uploads\/2020\/07\/principal-12-418x119.jpg 418w\" sizes=\"(max-width: 481px) 100vw, 481px\" \/>\t\t\t\t\t\t\t\t<\/a>\n\t\t\t\t\t\t\t\t\t\t\t<\/div>\n\t\t\t\t<\/div>\n\t\t\t\t<\/div>\n\t\t\t\t<div class=\"elementor-element elementor-element-d7fc22c elementor-widget elementor-widget-image\" data-id=\"d7fc22c\" data-element_type=\"widget\" data-widget_type=\"image.default\">\n\t\t\t\t<div class=\"elementor-widget-container\">\n\t\t\t\t\t<div class=\"elementor-image\">\n\t\t\t\t\t\t\t\t\t\t\t<a href=\"https:\/\/artenara.sedelectronica.es\/contractor-profile-list\">\n\t\t\t\t\t\t\t<img width=\"481\" height=\"138\" src=\"https:\/\/www.artenara.es\/portal-ciudadano\/wp-content\/uploads\/2020\/07\/principal-13.jpg\" class=\"attachment-full size-full\" alt=\"\" loading=\"lazy\" srcset=\"https:\/\/www.artenara.es\/portal-ciudadano\/wp-content\/uploads\/2020\/07\/principal-13.jpg 481w, https:\/\/www.artenara.es\/portal-ciudadano\/wp-content\/uploads\/2020\/07\/principal-13-300x86.jpg 300w, https:\/\/www.artenara.es\/portal-ciudadano\/wp-content\/uploads\/2020\/07\/principal-13-418x120.jpg 418w\" sizes=\"(max-width: 481px) 100vw, 481px\" \/>\t\t\t\t\t\t\t\t<\/a>\n\t\t\t\t\t\t\t\t\t\t\t<\/div>\n\t\t\t\t<\/div>\n\t\t\t\t<\/div>\n\t\t\t\t<section class=\"elementor-element elementor-element-e4cada3 elementor-section-boxed elementor-section-height-default elementor-section-height-default elementor-section elementor-inner-section\" data-id=\"e4cada3\" data-element_type=\"section\" data-settings=\"{&quot;_ha_eqh_enable&quot;:false,&quot;ekit_has_onepagescroll_dot&quot;:&quot;yes&quot;}\">\n\t\t\t\t\t\t<div class=\"elementor-container elementor-column-gap-no\">\n\t\t\t\t<div class=\"elementor-row\">\n\t\t\t\t<div class=\"elementor-element elementor-element-9f205b5 elementor-column elementor-col-50 elementor-inner-column\" data-id=\"9f205b5\" data-element_type=\"column\">\n\t\t\t<div class=\"elementor-column-wrap  elementor-element-populated\">\n\t\t\t\t\t<div class=\"elementor-widget-wrap\">\n\t\t\t\t<div class=\"elementor-element elementor-element-82e743f elementor-widget elementor-widget-image\" data-id=\"82e743f\" data-element_type=\"widget\" data-widget_type=\"image.default\">\n\t\t\t\t<div class=\"elementor-widget-container\">\n\t\t\t\t\t<div class=\"elementor-image\">\n\t\t\t\t\t\t\t\t\t\t\t<a href=\"https:\/\/artenara.sedelectronica.es\/transparency\">\n\t\t\t\t\t\t\t<img width=\"201\" height=\"216\" src=\"https:\/\/www.artenara.es\/portal-ciudadano\/wp-content\/uploads\/2016\/06\/cajas-14.jpg\" class=\"attachment-full size-full\" alt=\"\" loading=\"lazy\" srcset=\"https:\/\/www.artenara.es\/portal-ciudadano\/wp-content\/uploads\/2016\/06\/cajas-14.jpg 201w, https:\/\/www.artenara.es\/portal-ciudadano\/wp-content\/uploads\/2016\/06\/cajas-14-190x203.jpg 190w\" sizes=\"(max-width: 201px) 100vw, 201px\" \/>\t\t\t\t\t\t\t\t<\/a>\n\t\t\t\t\t\t\t\t\t\t\t<\/div>\n\t\t\t\t<\/div>\n\t\t\t\t<\/div>\n\t\t\t\t\t\t<\/div>\n\t\t\t<\/div>\n\t\t<\/div>\n\t\t\t\t<div class=\"elementor-element elementor-element-927a611 elementor-column elementor-col-50 elementor-inner-column\" data-id=\"927a611\" data-element_type=\"column\">\n\t\t\t<div class=\"elementor-column-wrap  elementor-element-populated\">\n\t\t\t\t\t<div class=\"elementor-widget-wrap\">\n\t\t\t\t<div class=\"elementor-element elementor-element-b5328f4 elementor-widget elementor-widget-image\" data-id=\"b5328f4\" data-element_type=\"widget\" data-widget_type=\"image.default\">\n\t\t\t\t<div class=\"elementor-widget-container\">\n\t\t\t\t\t<div class=\"elementor-image\">\n\t\t\t\t\t\t\t\t\t\t\t<a href=\"\/informacion-catastral\">\n\t\t\t\t\t\t\t<img width=\"201\" height=\"216\" src=\"https:\/\/www.artenara.es\/portal-ciudadano\/wp-content\/uploads\/2016\/06\/cajas-15.jpg\" class=\"attachment-large size-large\" alt=\"\" loading=\"lazy\" srcset=\"https:\/\/www.artenara.es\/portal-ciudadano\/wp-content\/uploads\/2016\/06\/cajas-15.jpg 201w, https:\/\/www.artenara.es\/portal-ciudadano\/wp-content\/uploads\/2016\/06\/cajas-15-190x203.jpg 190w\" sizes=\"(max-width: 201px) 100vw, 201px\" \/>\t\t\t\t\t\t\t\t<\/a>\n\t\t\t\t\t\t\t\t\t\t\t<\/div>\n\t\t\t\t<\/div>\n\t\t\t\t<\/div>\n\t\t\t\t\t\t<\/div>\n\t\t\t<\/div>\n\t\t<\/div>\n\t\t\t\t\t\t<\/div>\n\t\t\t<\/div>\n\t\t<\/section>\n\t\t\t\t<section class=\"elementor-element elementor-element-c2ae49c elementor-section-boxed elementor-section-height-default elementor-section-height-default elementor-section elementor-inner-section\" data-id=\"c2ae49c\" data-element_type=\"section\" data-settings=\"{&quot;_ha_eqh_enable&quot;:false,&quot;ekit_has_onepagescroll_dot&quot;:&quot;yes&quot;}\">\n\t\t\t\t\t\t<div class=\"elementor-container elementor-column-gap-no\">\n\t\t\t\t<div class=\"elementor-row\">\n\t\t\t\t<div class=\"elementor-element elementor-element-7195fa0 elementor-column elementor-col-50 elementor-inner-column\" data-id=\"7195fa0\" data-element_type=\"column\">\n\t\t\t<div class=\"elementor-column-wrap  elementor-element-populated\">\n\t\t\t\t\t<div class=\"elementor-widget-wrap\">\n\t\t\t\t<div class=\"elementor-element elementor-element-4b7df7f elementor-widget elementor-widget-image\" data-id=\"4b7df7f\" data-element_type=\"widget\" data-widget_type=\"image.default\">\n\t\t\t\t<div class=\"elementor-widget-container\">\n\t\t\t\t\t<div class=\"elementor-image\">\n\t\t\t\t\t\t\t\t\t\t\t<a href=\"http:\/\/artenara.es\/images\/bandos\/Violencia_gnero.jpg\">\n\t\t\t\t\t\t\t<img width=\"201\" height=\"216\" src=\"https:\/\/www.artenara.es\/portal-ciudadano\/wp-content\/uploads\/2016\/06\/cajas-16.jpg\" class=\"attachment-full size-full\" alt=\"\" loading=\"lazy\" srcset=\"https:\/\/www.artenara.es\/portal-ciudadano\/wp-content\/uploads\/2016\/06\/cajas-16.jpg 201w, https:\/\/www.artenara.es\/portal-ciudadano\/wp-content\/uploads\/2016\/06\/cajas-16-190x203.jpg 190w\" sizes=\"(max-width: 201px) 100vw, 201px\" \/>\t\t\t\t\t\t\t\t<\/a>\n\t\t\t\t\t\t\t\t\t\t\t<\/div>\n\t\t\t\t<\/div>\n\t\t\t\t<\/div>\n\t\t\t\t\t\t<\/div>\n\t\t\t<\/div>\n\t\t<\/div>\n\t\t\t\t<div class=\"elementor-element elementor-element-23afd23 elementor-column elementor-col-50 elementor-inner-column\" data-id=\"23afd23\" data-element_type=\"column\">\n\t\t\t<div class=\"elementor-column-wrap  elementor-element-populated\">\n\t\t\t\t\t<div class=\"elementor-widget-wrap\">\n\t\t\t\t<div class=\"elementor-element elementor-element-691b1c0 elementor-widget elementor-widget-image\" data-id=\"691b1c0\" data-element_type=\"widget\" data-widget_type=\"image.default\">\n\t\t\t\t<div class=\"elementor-widget-container\">\n\t\t\t\t\t<div class=\"elementor-image\">\n\t\t\t\t\t\t\t\t\t\t\t<a href=\"https:\/\/leales.org\/search\/provincia,Las%20Palmas%20-%20Gran%20Canaria\/iOrderType,desc\">\n\t\t\t\t\t\t\t<img width=\"201\" height=\"216\" src=\"https:\/\/www.artenara.es\/portal-ciudadano\/wp-content\/uploads\/2016\/06\/cajas-17.jpg\" class=\"attachment-full size-full\" alt=\"\" loading=\"lazy\" srcset=\"https:\/\/www.artenara.es\/portal-ciudadano\/wp-content\/uploads\/2016\/06\/cajas-17.jpg 201w, https:\/\/www.artenara.es\/portal-ciudadano\/wp-content\/uploads\/2016\/06\/cajas-17-190x203.jpg 190w\" sizes=\"(max-width: 201px) 100vw, 201px\" \/>\t\t\t\t\t\t\t\t<\/a>\n\t\t\t\t\t\t\t\t\t\t\t<\/div>\n\t\t\t\t<\/div>\n\t\t\t\t<\/div>\n\t\t\t\t\t\t<\/div>\n\t\t\t<\/div>\n\t\t<\/div>\n\t\t\t\t\t\t<\/div>\n\t\t\t<\/div>\n\t\t<\/section>\n\t\t\t\t<div class=\"elementor-element elementor-element-939c9bb elementor-widget elementor-widget-spacer\" data-id=\"939c9bb\" data-element_type=\"widget\" data-widget_type=\"spacer.default\">\n\t\t\t\t<div class=\"elementor-widget-container\">\n\t\t\t\t\t<div class=\"elementor-spacer\">\n\t\t\t<div class=\"elementor-spacer-inner\"><\/div>\n\t\t<\/div>\n\t\t\t\t<\/div>\n\t\t\t\t<\/div>\n\t\t\t\t<div class=\"elementor-element elementor-element-405e217 elementor-widget elementor-widget-image\" data-id=\"405e217\" data-element_type=\"widget\" data-widget_type=\"image.default\">\n\t\t\t\t<div class=\"elementor-widget-container\">\n\t\t\t\t\t<div class=\"elementor-image\">\n\t\t\t\t\t\t\t\t\t\t\t<a href=\"\/contacto\">\n\t\t\t\t\t\t\t<img width=\"885\" height=\"158\" src=\"https:\/\/www.artenara.es\/portal-ciudadano\/wp-content\/uploads\/2020\/07\/buzon-20-1024x183.jpg\" class=\"attachment-large size-large\" alt=\"\" loading=\"lazy\" srcset=\"https:\/\/www.artenara.es\/portal-ciudadano\/wp-content\/uploads\/2020\/07\/buzon-20-1024x183.jpg 1024w, https:\/\/www.artenara.es\/portal-ciudadano\/wp-content\/uploads\/2020\/07\/buzon-20-300x54.jpg 300w, https:\/\/www.artenara.es\/portal-ciudadano\/wp-content\/uploads\/2020\/07\/buzon-20-768x137.jpg 768w, https:\/\/www.artenara.es\/portal-ciudadano\/wp-content\/uploads\/2020\/07\/buzon-20-418x75.jpg 418w, https:\/\/www.artenara.es\/portal-ciudadano\/wp-content\/uploads\/2020\/07\/buzon-20.jpg 1361w\" sizes=\"(max-width: 885px) 100vw, 885px\" \/>\t\t\t\t\t\t\t\t<\/a>\n\t\t\t\t\t\t\t\t\t\t\t<\/div>\n\t\t\t\t<\/div>\n\t\t\t\t<\/div>\n\t\t\t\t<div class=\"elementor-element elementor-element-3c7571d elementor-widget elementor-widget-wp-widget-awesomeweatherwidget\" data-id=\"3c7571d\" data-element_type=\"widget\" data-widget_type=\"wp-widget-awesomeweatherwidget.default\">\n\t\t\t\t<div class=\"elementor-widget-container\">\n\t\t\t<div id=\"awe-ajax-awesome-weather-artenara\" class=\"awe-ajax-awesome-weather-artenara awe-weather-ajax-wrap\" style=\"\"><div class=\"awe-loading\"><i class=\"wi wi-day-sunny\"><\/i><\/div><\/div><script type=\"text\/javascript\"> jQuery(document).ready(function() { awe_ajax_load({\"id\":\"awesome-weather-artenara\",\"locale\":\"\",\"location\":\"Artenara\",\"owm_city_id\":\"\",\"override_title\":\"\",\"size\":\"wide\",\"units\":\"C\",\"forecast_days\":\"3\",\"hide_stats\":0,\"show_link\":1,\"background\":\"\",\"custom_bg_color\":\"\",\"use_user_location\":0,\"allow_user_to_change\":0,\"show_icons\":1,\"extended_url\":\"\",\"extended_text\":\"\",\"background_by_weather\":0,\"text_color\":\"#ffffff\",\"hide_attribution\":1,\"skip_geolocate\":0,\"latlng\":\"\",\"ajaxurl\":\"https:\\\/\\\/www.artenara.es\\\/portal-ciudadano\\\/wp-admin\\\/admin-ajax.php\",\"via_ajax\":1}); }); <\/script>\t\t<\/div>\n\t\t\t\t<\/div>\n\t\t\t\t<div class=\"elementor-element elementor-element-927495d elementor-widget elementor-widget-wp-widget-booked_calendar\" data-id=\"927495d\" data-element_type=\"widget\" data-widget_type=\"wp-widget-booked_calendar.default\">\n\t\t\t\t<div class=\"elementor-widget-container\">\n\t\t\t<div class=\"booked-calendar-shortcode-wrap\"><div class=\"booked-calendar-wrap small\"><table class=\"booked-calendar\" data-calendar-date=\"2026-04-01\">\n\t\t<thead>\n\n\t\t\t\n\t\t\t<tr>\n\t\t\t\t<th colspan=\"7\">\n\t\t\t\t\t\t\t\t\t\t<span class=\"calendarSavingState\">\n\t\t\t\t\t\t<i class=\"booked-icon booked-icon-spinner-clock booked-icon-spin\"><\/i>\n\t\t\t\t\t<\/span>\n\t\t\t\t\t<span class=\"monthName\">\n\t\t\t\t\t\tabril 2026\t\t\t\t\t\t\t\t\t\t\t<\/span>\n\t\t\t\t\t<a href=\"#\" data-goto=\"2026-05-01\" class=\"page-right\"><i class=\"booked-icon booked-icon-arrow-right\"><\/i><\/a>\t\t\t\t<\/th>\n\t\t\t<\/tr>\n\t\t\t<tr class=\"days\">\n\t\t\t\t\t\t\t\t<th>Lun<\/th>\n\t\t\t\t<th>Mar<\/th>\n\t\t\t\t<th>Mi\u00e9<\/th>\n\t\t\t\t<th>Jue<\/th>\n\t\t\t\t<th>Vie<\/th>\n\t\t\t\t<th>S\u00e1b<\/th>\t\t\t\t<th>Dom<\/th>\t\t\t<\/tr>\n\t\t<\/thead>\n\t\t<tbody><tr class=\"week\"><td data-date=\"2026-03-30\" class=\"prev-month prev-date\"><span class=\"date\"><span class=\"number\">30<\/span><\/span><\/td><td data-date=\"2026-03-31\" class=\"prev-month prev-date\"><span class=\"date\"><span class=\"number\">31<\/span><\/span><\/td><td data-date=\"2026-04-1\" class=\"prev-date\"><span class=\"date\"><span class=\"number\">1<\/span><\/span><\/td><td data-date=\"2026-04-2\" class=\"prev-date\"><span class=\"date\"><span class=\"number\">2<\/span><\/span><\/td><td data-date=\"2026-04-3\" class=\"prev-date\"><span class=\"date\"><span class=\"number\">3<\/span><\/span><\/td><td data-date=\"2026-04-4\" class=\"prev-date\"><span class=\"date\"><span class=\"number\">4<\/span><\/span><\/td><td data-date=\"2026-04-5\" class=\"prev-date\"><span class=\"date\"><span class=\"number\">5<\/span><\/span><\/td><\/tr><tr class=\"week\"><td data-date=\"2026-04-6\" class=\"prev-date\"><span class=\"date\"><span class=\"number\">6<\/span><\/span><\/td><td data-date=\"2026-04-7\" class=\"prev-date\"><span class=\"date\"><span class=\"number\">7<\/span><\/span><\/td><td data-date=\"2026-04-8\" class=\"prev-date\"><span class=\"date\"><span class=\"number\">8<\/span><\/span><\/td><td data-date=\"2026-04-9\" class=\"prev-date\"><span class=\"date\"><span class=\"number\">9<\/span><\/span><\/td><td data-date=\"2026-04-10\" class=\"prev-date\"><span class=\"date\"><span class=\"number\">10<\/span><\/span><\/td><td data-date=\"2026-04-11\" class=\"prev-date\"><span class=\"date\"><span class=\"number\">11<\/span><\/span><\/td><td data-date=\"2026-04-12\" class=\"prev-date\"><span class=\"date\"><span class=\"number\">12<\/span><\/span><\/td><\/tr><tr class=\"week\"><td data-date=\"2026-04-13\" class=\"prev-date\"><span class=\"date\"><span class=\"number\">13<\/span><\/span><\/td><td data-date=\"2026-04-14\" class=\"prev-date\"><span class=\"date\"><span class=\"number\">14<\/span><\/span><\/td><td data-date=\"2026-04-15\" class=\"prev-date\"><span class=\"date\"><span class=\"number\">15<\/span><\/span><\/td><td data-date=\"2026-04-16\" class=\"prev-date\"><span class=\"date\"><span class=\"number\">16<\/span><\/span><\/td><td data-date=\"2026-04-17\" class=\"prev-date\"><span class=\"date\"><span class=\"number\">17<\/span><\/span><\/td><td data-date=\"2026-04-18\" class=\"prev-date\"><span class=\"date\"><span class=\"number\">18<\/span><\/span><\/td><td data-date=\"2026-04-19\" class=\"prev-date\"><span class=\"date\"><span class=\"number\">19<\/span><\/span><\/td><\/tr><tr class=\"week\"><td data-date=\"2026-04-20\" class=\"prev-date\"><span class=\"date\"><span class=\"number\">20<\/span><\/span><\/td><td data-date=\"2026-04-21\" class=\"prev-date\"><span class=\"date\"><span class=\"number\">21<\/span><\/span><\/td><td data-date=\"2026-04-22\" class=\"prev-date\"><span class=\"date\"><span class=\"number\">22<\/span><\/span><\/td><td data-date=\"2026-04-23\" class=\"prev-date\"><span class=\"date\"><span class=\"number\">23<\/span><\/span><\/td><td data-date=\"2026-04-24\" class=\"prev-date\"><span class=\"date\"><span class=\"number\">24<\/span><\/span><\/td><td data-date=\"2026-04-25\" class=\"prev-date\"><span class=\"date\"><span class=\"number\">25<\/span><\/span><\/td><td data-date=\"2026-04-26\" class=\"prev-date\"><span class=\"date\"><span class=\"number\">26<\/span><\/span><\/td><\/tr><tr class=\"week\"><td data-date=\"2026-04-27\" class=\"today prev-date\"><span class=\"date\"><span class=\"number\">27<\/span><\/span><\/td><td data-date=\"2026-04-28\" class=\"prev-date\"><span class=\"date\"><span class=\"number\">28<\/span><\/span><\/td><td data-date=\"2026-04-29\" class=\"prev-date\"><span class=\"date\"><span class=\"number\">29<\/span><\/span><\/td><td data-date=\"2026-04-30\" class=\"prev-date\"><span class=\"date\"><span class=\"number\">30<\/span><\/span><\/td><td data-date=\"2026-05-1\" class=\"next-month prev-date\"><span class=\"date\"><span class=\"number\">1<\/span><\/span><\/td><td data-date=\"2026-05-2\" class=\"next-month prev-date\"><span class=\"date\"><span class=\"number\">2<\/span><\/span><\/td><td data-date=\"2026-05-3\" class=\"next-month prev-date\"><span class=\"date\"><span class=\"number\">3<\/span><\/span><\/td><\/tr>\t\t<\/tbody>\n\t<\/table><\/div><\/div>\t\t<\/div>\n\t\t\t\t<\/div>\n\t\t\t\t\t\t<\/div>\n\t\t\t<\/div>\n\t\t<\/div>\n\t\t\t\t\t\t<\/div>\n\t\t\t<\/div>\n\t\t<\/section>\n\t\t\t\t\t\t<\/div>\n\t\t\t<\/div>\n\t\t<\/div>\n\t\t","protected":false},"excerpt":{"rendered":"<p>Pol\u00edtica de&nbsp; Privacidad En&nbsp;artenara.es&nbsp;respetamos su informaci\u00f3n personal y en vista de cumplir con las pol\u00edticas de seguridad respectivas concernientes a todo sitio web, que deber\u00edan ser obligatorias, informo a ustedes lo siguiente. Privacidad de los datos personales: Sus datos personales le corresponden solo a usted y este sitio web es responsable de no revelar ninguna &hellip;<\/p>\n","protected":false},"author":1,"featured_media":0,"parent":0,"menu_order":0,"comment_status":"closed","ping_status":"closed","template":"","meta":[],"_links":{"self":[{"href":"https:\/\/www.artenara.es\/portal-ciudadano\/wp-json\/wp\/v2\/pages\/8906"}],"collection":[{"href":"https:\/\/www.artenara.es\/portal-ciudadano\/wp-json\/wp\/v2\/pages"}],"about":[{"href":"https:\/\/www.artenara.es\/portal-ciudadano\/wp-json\/wp\/v2\/types\/page"}],"author":[{"embeddable":true,"href":"https:\/\/www.artenara.es\/portal-ciudadano\/wp-json\/wp\/v2\/users\/1"}],"replies":[{"embeddable":true,"href":"https:\/\/www.artenara.es\/portal-ciudadano\/wp-json\/wp\/v2\/comments?post=8906"}],"version-history":[{"count":3,"href":"https:\/\/www.artenara.es\/portal-ciudadano\/wp-json\/wp\/v2\/pages\/8906\/revisions"}],"predecessor-version":[{"id":8915,"href":"https:\/\/www.artenara.es\/portal-ciudadano\/wp-json\/wp\/v2\/pages\/8906\/revisions\/8915"}],"wp:attachment":[{"href":"https:\/\/www.artenara.es\/portal-ciudadano\/wp-json\/wp\/v2\/media?parent=8906"}],"curies":[{"name":"wp","href":"https:\/\/api.w.org\/{rel}","templated":true}]}}